{"id":6676,"date":"2026-01-06T12:49:02","date_gmt":"2026-01-06T11:49:02","guid":{"rendered":"\/shop\/?post_type=product&#038;p=6676"},"modified":"2026-01-15T12:33:14","modified_gmt":"2026-01-15T11:33:14","slug":"suesse-tuete-schlemmertuette","status":"publish","type":"product","link":"\/shop\/produkt\/suesse-tuete-schlemmertuette\/","title":{"rendered":"S\u00fc\u00dfe T\u00fcte, Schlemmert\u00fcte"},"content":{"rendered":"<p>100 mm Durchmesser \u00a0<br \/>\n170 mm Lang<\/p>\n<p>225 St\u00fcck<\/p>\n<p>Bitte beachten Sie: Waffeln sind wegen ihrer Zerbrechlichkeit f\u00fcr den Paketversand ungeeignet. Bestellungen per Postversand sind von Garantie, R\u00fccknahme etc. ausgeschlossen.<\/p>\n","protected":false},"excerpt":{"rendered":"<p>M16<\/p>\n","protected":false},"featured_media":6686,"comment_status":"closed","ping_status":"closed","template":"","meta":{"_acf_changed":false},"product_brand":[],"product_cat":[350],"product_tag":[344,345],"food_declaration":[],"class_list":{"0":"post-6676","1":"product","2":"type-product","3":"status-publish","4":"has-post-thumbnail","6":"product_cat-suesse-tueten","7":"product_tag-suesse-tuete","8":"product_tag-schlemmertuete","10":"first","11":"instock","12":"shipping-taxable","13":"purchasable","14":"product-type-simple"},"acf":[],"_links":{"self":[{"href":"\/shop\/wp-json\/wp\/v2\/product\/6676","targetHints":{"allow":["GET"]}}],"collection":[{"href":"\/shop\/wp-json\/wp\/v2\/product"}],"about":[{"href":"\/shop\/wp-json\/wp\/v2\/types\/product"}],"replies":[{"embeddable":true,"href":"\/shop\/wp-json\/wp\/v2\/comments?post=6676"}],"wp:featuredmedia":[{"embeddable":true,"href":"\/shop\/wp-json\/wp\/v2\/media\/6686"}],"wp:attachment":[{"href":"\/shop\/wp-json\/wp\/v2\/media?parent=6676"}],"wp:term":[{"taxonomy":"product_brand","embeddable":true,"href":"\/shop\/wp-json\/wp\/v2\/product_brand?post=6676"},{"taxonomy":"product_cat","embeddable":true,"href":"\/shop\/wp-json\/wp\/v2\/product_cat?post=6676"},{"taxonomy":"product_tag","embeddable":true,"href":"\/shop\/wp-json\/wp\/v2\/product_tag?post=6676"},{"taxonomy":"food_declaration","embeddable":true,"href":"\/shop\/wp-json\/wp\/v2\/food_declaration?post=6676"}],"curies":[{"name":"wp","href":"https:\/\/api.w.org\/{rel}","templated":true}]}}