{"id":6674,"date":"2026-01-06T12:43:23","date_gmt":"2026-01-06T11:43:23","guid":{"rendered":"\/shop\/?post_type=product&#038;p=6674"},"modified":"2026-01-08T09:00:59","modified_gmt":"2026-01-08T08:00:59","slug":"suesse-tuete","status":"publish","type":"product","link":"\/shop\/produkt\/suesse-tuete\/","title":{"rendered":"S\u00fc\u00dfe T\u00fcte"},"content":{"rendered":"<p>60mm Durchmesser \u00a0 150mm Lang<\/p>\n<p>352 St\u00fcck<\/p>\n<p>Bitte beachten Sie: Waffeln sind wegen ihrer Zerbrechlichkeit f\u00fcr den Paketversand ungeeignet. Bestellungen per Postversand sind von Garantie, R\u00fccknahme etc. ausgeschlossen.<\/p>\n","protected":false},"excerpt":{"rendered":"<p>F18<\/p>\n","protected":false},"featured_media":6685,"comment_status":"closed","ping_status":"closed","template":"","meta":{"_acf_changed":false},"product_brand":[],"product_cat":[350],"product_tag":[344],"food_declaration":[],"class_list":{"0":"post-6674","1":"product","2":"type-product","3":"status-publish","4":"has-post-thumbnail","6":"product_cat-suesse-tueten","7":"product_tag-suesse-tuete","9":"first","10":"instock","11":"shipping-taxable","12":"purchasable","13":"product-type-simple"},"acf":[],"_links":{"self":[{"href":"\/shop\/wp-json\/wp\/v2\/product\/6674","targetHints":{"allow":["GET"]}}],"collection":[{"href":"\/shop\/wp-json\/wp\/v2\/product"}],"about":[{"href":"\/shop\/wp-json\/wp\/v2\/types\/product"}],"replies":[{"embeddable":true,"href":"\/shop\/wp-json\/wp\/v2\/comments?post=6674"}],"wp:featuredmedia":[{"embeddable":true,"href":"\/shop\/wp-json\/wp\/v2\/media\/6685"}],"wp:attachment":[{"href":"\/shop\/wp-json\/wp\/v2\/media?parent=6674"}],"wp:term":[{"taxonomy":"product_brand","embeddable":true,"href":"\/shop\/wp-json\/wp\/v2\/product_brand?post=6674"},{"taxonomy":"product_cat","embeddable":true,"href":"\/shop\/wp-json\/wp\/v2\/product_cat?post=6674"},{"taxonomy":"product_tag","embeddable":true,"href":"\/shop\/wp-json\/wp\/v2\/product_tag?post=6674"},{"taxonomy":"food_declaration","embeddable":true,"href":"\/shop\/wp-json\/wp\/v2\/food_declaration?post=6674"}],"curies":[{"name":"wp","href":"https:\/\/api.w.org\/{rel}","templated":true}]}}