{"id":6673,"date":"2026-01-06T12:41:02","date_gmt":"2026-01-06T11:41:02","guid":{"rendered":"\/shop\/?post_type=product&#038;p=6673"},"modified":"2026-01-08T08:55:58","modified_gmt":"2026-01-08T07:55:58","slug":"suesse-tuete-eng-ohne-rand","status":"publish","type":"product","link":"\/shop\/produkt\/suesse-tuete-eng-ohne-rand\/","title":{"rendered":"S\u00fc\u00dfe T\u00fcte, Eng, ohne Rand"},"content":{"rendered":"<p>47mm Durchmesser \u00a0 \u00a0145mm L\u00e4nge<\/p>\n<p>400St\u00fcck<\/p>\n<p>Bitte beachten Sie: Waffeln sind wegen ihrer Zerbrechlichkeit f\u00fcr den Paketversand ungeeignet. Bestellungen per Postversand sind von Garantie, R\u00fccknahme etc. ausgeschlossen.<\/p>\n","protected":false},"excerpt":{"rendered":"<p>F02<\/p>\n","protected":false},"featured_media":6683,"comment_status":"closed","ping_status":"closed","template":"","meta":{"_acf_changed":false},"product_brand":[],"product_cat":[350],"product_tag":[344,347,348],"food_declaration":[],"class_list":{"0":"post-6673","1":"product","2":"type-product","3":"status-publish","4":"has-post-thumbnail","6":"product_cat-suesse-tueten","7":"product_tag-suesse-tuete","8":"product_tag-eng","9":"product_tag-ohne-rand","11":"first","12":"instock","13":"shipping-taxable","14":"purchasable","15":"product-type-simple"},"acf":[],"_links":{"self":[{"href":"\/shop\/wp-json\/wp\/v2\/product\/6673","targetHints":{"allow":["GET"]}}],"collection":[{"href":"\/shop\/wp-json\/wp\/v2\/product"}],"about":[{"href":"\/shop\/wp-json\/wp\/v2\/types\/product"}],"replies":[{"embeddable":true,"href":"\/shop\/wp-json\/wp\/v2\/comments?post=6673"}],"wp:featuredmedia":[{"embeddable":true,"href":"\/shop\/wp-json\/wp\/v2\/media\/6683"}],"wp:attachment":[{"href":"\/shop\/wp-json\/wp\/v2\/media?parent=6673"}],"wp:term":[{"taxonomy":"product_brand","embeddable":true,"href":"\/shop\/wp-json\/wp\/v2\/product_brand?post=6673"},{"taxonomy":"product_cat","embeddable":true,"href":"\/shop\/wp-json\/wp\/v2\/product_cat?post=6673"},{"taxonomy":"product_tag","embeddable":true,"href":"\/shop\/wp-json\/wp\/v2\/product_tag?post=6673"},{"taxonomy":"food_declaration","embeddable":true,"href":"\/shop\/wp-json\/wp\/v2\/food_declaration?post=6673"}],"curies":[{"name":"wp","href":"https:\/\/api.w.org\/{rel}","templated":true}]}}