{"id":6492,"date":"2025-09-09T12:47:50","date_gmt":"2025-09-09T10:47:50","guid":{"rendered":"https:\/\/www.softeis-meck-pomm.de\/shop\/?post_type=product&#038;p=6492"},"modified":"2026-01-14T16:42:33","modified_gmt":"2026-01-14T15:42:33","slug":"probierset-classico","status":"publish","type":"product","link":"\/shop\/produkt\/probierset-classico\/","title":{"rendered":"Probierset Classico"},"content":{"rendered":"<p><strong>Unser Classico ist im wahrsten Sinne ein Softeis-Klassiker,<\/strong>\u00a0<strong>ganz ohne Schnickschnack, perfekt f\u00fcr den Einstieg<\/strong>\u00a0<strong>in den Softeis-Verkauf.<\/strong> Ohne Zusatz von Ei oder Sahne stellen wir unser Milcheis Classico so nat\u00fcrlich und pur wie m\u00f6glich her. Mit bester Milch aus der Region Gransee und feinster Zuckersiebung entsteht so ein perfektes Softeis von luftig-lockerer Konsistenz. \u00dcberzeugen Sie sich mit unserem Classico-Probier-Set \u2013 der nat\u00fcrlich feine Vanille- und Schokoladen-Geschmack ist ein Erlebnis f\u00fcr jeden Softeis-Kenner.<\/p>\n<p>Wir versenden deutschlandweit!<\/p>\n<p><strong>Lieber telefonisch bestellen? Kein Problem: <a href=\"tel:+493955666264\" class=\" phone\" title=\"Gro\u00dfhandel f\u00fcr Eismaschinen, Eisgrundstoffe und Zubeh\u00f6r \u2013 Jan Rei\u00dfmann in 17034 Neubrandenburg anrufen\">0395 5666264<\/a><\/strong><br \/>\nBeachten Sie dass sich unser Angebot <strong>nur an gewerbliche Anbieter<\/strong>\u00a0richtet!<\/p>\n","protected":false},"excerpt":{"rendered":"<p><strong>Das Probier-Set Classico enth\u00e4lt:<\/strong><\/p>\n<ul>\n<li>4 Beutel Vanille<\/li>\n<li>4 Beutel Schokolade<\/li>\n<\/ul>\n","protected":false},"featured_media":6493,"comment_status":"closed","ping_status":"closed","template":"","meta":{"_acf_changed":false},"product_brand":[],"product_cat":[306],"product_tag":[],"food_declaration":[308,309,310,311,313],"class_list":{"0":"post-6492","1":"product","2":"type-product","3":"status-publish","4":"has-post-thumbnail","6":"product_cat-unser-kennenlern-angebot","7":"food_declaration-mit-mindestens-70-milchanteil","8":"food_declaration-frei-von-palmoel","9":"food_declaration-glutenfrei","10":"food_declaration-ohne-ei","11":"food_declaration-ohne-pflanzenfette","13":"first","14":"instock","15":"shipping-taxable","16":"purchasable","17":"product-type-simple"},"acf":[],"_links":{"self":[{"href":"\/shop\/wp-json\/wp\/v2\/product\/6492","targetHints":{"allow":["GET"]}}],"collection":[{"href":"\/shop\/wp-json\/wp\/v2\/product"}],"about":[{"href":"\/shop\/wp-json\/wp\/v2\/types\/product"}],"replies":[{"embeddable":true,"href":"\/shop\/wp-json\/wp\/v2\/comments?post=6492"}],"wp:featuredmedia":[{"embeddable":true,"href":"\/shop\/wp-json\/wp\/v2\/media\/6493"}],"wp:attachment":[{"href":"\/shop\/wp-json\/wp\/v2\/media?parent=6492"}],"wp:term":[{"taxonomy":"product_brand","embeddable":true,"href":"\/shop\/wp-json\/wp\/v2\/product_brand?post=6492"},{"taxonomy":"product_cat","embeddable":true,"href":"\/shop\/wp-json\/wp\/v2\/product_cat?post=6492"},{"taxonomy":"product_tag","embeddable":true,"href":"\/shop\/wp-json\/wp\/v2\/product_tag?post=6492"},{"taxonomy":"food_declaration","embeddable":true,"href":"\/shop\/wp-json\/wp\/v2\/food_declaration?post=6492"}],"curies":[{"name":"wp","href":"https:\/\/api.w.org\/{rel}","templated":true}]}}