{"id":6490,"date":"2025-09-09T12:45:48","date_gmt":"2025-09-09T10:45:48","guid":{"rendered":"https:\/\/www.softeis-meck-pomm.de\/shop\/?post_type=product&#038;p=6490"},"modified":"2026-01-14T16:44:22","modified_gmt":"2026-01-14T15:44:22","slug":"probierset-premium","status":"publish","type":"product","link":"\/shop\/produkt\/probierset-premium\/","title":{"rendered":"Probierset Premium"},"content":{"rendered":"<p><strong>Sommer, Sonne, D\u00e4nemark. An welches Eis denken Sie da?<\/strong>\u00a0Sehr wahrscheinlich an typisch skandinavisches Softeis in frischer knuspriger Waffel und ziemlich viel Toppings.<\/p>\n<p>Genau so ein Eis ist unser Softeis Premium \u2013 ein zart schmelzendes Milcheis, dass f\u00f6rmlich auf der Zunge zergeht. Wunderbar sahnig und unvergleichlich cremig. Wir fertigen nat\u00fcrlich auch diese Eisspezialit\u00e4t in unserer Eiswerkstatt. Nach eigener Rezeptur, mit hochwertiger Sahne, ganz ohne Pflanzenfett.<\/p>\n<p>Nicht nur Skandinavien-Fans werden dieses Softeis in Ihrem Sortiment lieben. Unser Premium Softeis mit seinem vollen sahnigen Geschmack wird Ihre Kunden garantiert begeistern. Testen Sie es jetzt und bestellen Sie das Premium Probier-Set.<\/p>\n<p>Wir versenden deutschlandweit!<\/p>\n<p><strong>Lieber telefonisch bestellen? Kein Problem:\u00a0 <a href=\"tel:+493955666264\" class=\" phone\" title=\"Gro\u00dfhandel f\u00fcr Eismaschinen, Eisgrundstoffe und Zubeh\u00f6r \u2013 Jan Rei\u00dfmann in 17034 Neubrandenburg anrufen\">0395 5666264<\/a><\/strong><\/p>\n<p>Beachten Sie dass sich unser Angebot <strong>nur an gewerbliche Anbieter<\/strong>\u00a0richtet!<\/p>\n","protected":false},"excerpt":{"rendered":"<p><strong>Das Probier-Set Premium enth\u00e4lt:<\/strong><\/p>\n<ul>\n<li>5 Beutel Vanille<\/li>\n<li>5 Beutel Schokolade<\/li>\n<\/ul>\n","protected":false},"featured_media":6491,"comment_status":"closed","ping_status":"closed","template":"","meta":{"_acf_changed":false},"product_brand":[],"product_cat":[306],"product_tag":[],"food_declaration":[308,309,310,311,312,313],"class_list":{"0":"post-6490","1":"product","2":"type-product","3":"status-publish","4":"has-post-thumbnail","6":"product_cat-unser-kennenlern-angebot","7":"food_declaration-mit-mindestens-70-milchanteil","8":"food_declaration-frei-von-palmoel","9":"food_declaration-glutenfrei","10":"food_declaration-ohne-ei","11":"food_declaration-mit-sahne","12":"food_declaration-ohne-pflanzenfette","14":"first","15":"instock","16":"shipping-taxable","17":"product-type-simple"},"acf":[],"_links":{"self":[{"href":"\/shop\/wp-json\/wp\/v2\/product\/6490","targetHints":{"allow":["GET"]}}],"collection":[{"href":"\/shop\/wp-json\/wp\/v2\/product"}],"about":[{"href":"\/shop\/wp-json\/wp\/v2\/types\/product"}],"replies":[{"embeddable":true,"href":"\/shop\/wp-json\/wp\/v2\/comments?post=6490"}],"wp:featuredmedia":[{"embeddable":true,"href":"\/shop\/wp-json\/wp\/v2\/media\/6491"}],"wp:attachment":[{"href":"\/shop\/wp-json\/wp\/v2\/media?parent=6490"}],"wp:term":[{"taxonomy":"product_brand","embeddable":true,"href":"\/shop\/wp-json\/wp\/v2\/product_brand?post=6490"},{"taxonomy":"product_cat","embeddable":true,"href":"\/shop\/wp-json\/wp\/v2\/product_cat?post=6490"},{"taxonomy":"product_tag","embeddable":true,"href":"\/shop\/wp-json\/wp\/v2\/product_tag?post=6490"},{"taxonomy":"food_declaration","embeddable":true,"href":"\/shop\/wp-json\/wp\/v2\/food_declaration?post=6490"}],"curies":[{"name":"wp","href":"https:\/\/api.w.org\/{rel}","templated":true}]}}