{"id":6488,"date":"2025-09-09T12:43:57","date_gmt":"2025-09-09T10:43:57","guid":{"rendered":"https:\/\/www.softeis-meck-pomm.de\/shop\/?post_type=product&#038;p=6488"},"modified":"2026-01-14T16:44:31","modified_gmt":"2026-01-14T15:44:31","slug":"probierset-milky-fruit","status":"publish","type":"product","link":"\/shop\/produkt\/probierset-milky-fruit\/","title":{"rendered":"Probierset Milky Fruit"},"content":{"rendered":"<p><strong>Milky Fruit verbindet zarten Milcheis-Genuss mit einem exquisiten, feinem Fruchtaroma.<\/strong>\u00a0F\u00fcr dieses fruchtig-frische Softeis werden Ihre Kunden gern Schlange stehen, denn nat\u00fcrlich handelt es sich auch hier um eine exklusive Eisrezeptur, in die wir viel Liebe und allerbestes Handwerk gesteckt haben.<\/p>\n<p>Unser Ziel war es, eine cremige, fluffige und unverf\u00e4lscht fruchtige K\u00f6stlichkeit zu kreieren, die das Zeug hat, zum Highlight jeder Eisdiele und jedes Eiscaf\u00e9s zu werden.\u00a0Und wir sind \u00fcberzeugt, dass unsere Milky Fruit Eissorten Sie begeistern werden.<\/p>\n<p>Ob das Aroma exotischer Fr\u00fcchte, eine frische Joghurtnote oder der Klassiker Erdbeere \u2013 mit dem Milky Fruit-Probierset k\u00f6nnen Sie sich selbst ein Bild der geschmacklichen Vielfalt unserer Milky Fruit-Reihe machen. Lust bekommen auf ein echt fruchtiges Geschmackserlebnis? Dann jetzt gleich das Probier-Set Milky Fruit bestellen!<\/p>\n<p>Wir versenden deutschlandweit!<\/p>\n<p><strong>Lieber telefonisch bestellen? Kein Problem: <a href=\"tel:+493955666264\" class=\" phone\" title=\"Gro\u00dfhandel f\u00fcr Eismaschinen, Eisgrundstoffe und Zubeh\u00f6r \u2013 Jan Rei\u00dfmann in 17034 Neubrandenburg anrufen\">0395 5666264<\/a><\/strong><\/p>\n<p>Beachten Sie dass sich unser Angebot <strong>nur an gewerbliche Anbieter<\/strong>\u00a0richtet!<\/p>\n","protected":false},"excerpt":{"rendered":"<p><strong>Das Probier-Set Milky Fruit enth\u00e4lt:<\/strong><\/p>\n<ul>\n<li>2 Beutel Erdbeere<\/li>\n<li>2 Beutel Joghurt<\/li>\n<li>2 Beutel Banane<\/li>\n<li>2 Beutel Exotik\u00a0<strong>oder\u00a0<\/strong>Kokos<\/li>\n<\/ul>\n","protected":false},"featured_media":6489,"comment_status":"closed","ping_status":"closed","template":"","meta":{"_acf_changed":false},"product_brand":[],"product_cat":[306],"product_tag":[],"food_declaration":[308,309,310,311,312,313],"class_list":{"0":"post-6488","1":"product","2":"type-product","3":"status-publish","4":"has-post-thumbnail","6":"product_cat-unser-kennenlern-angebot","7":"food_declaration-mit-mindestens-70-milchanteil","8":"food_declaration-frei-von-palmoel","9":"food_declaration-glutenfrei","10":"food_declaration-ohne-ei","11":"food_declaration-mit-sahne","12":"food_declaration-ohne-pflanzenfette","14":"first","15":"instock","16":"shipping-taxable","17":"product-type-simple"},"acf":[],"_links":{"self":[{"href":"\/shop\/wp-json\/wp\/v2\/product\/6488","targetHints":{"allow":["GET"]}}],"collection":[{"href":"\/shop\/wp-json\/wp\/v2\/product"}],"about":[{"href":"\/shop\/wp-json\/wp\/v2\/types\/product"}],"replies":[{"embeddable":true,"href":"\/shop\/wp-json\/wp\/v2\/comments?post=6488"}],"wp:featuredmedia":[{"embeddable":true,"href":"\/shop\/wp-json\/wp\/v2\/media\/6489"}],"wp:attachment":[{"href":"\/shop\/wp-json\/wp\/v2\/media?parent=6488"}],"wp:term":[{"taxonomy":"product_brand","embeddable":true,"href":"\/shop\/wp-json\/wp\/v2\/product_brand?post=6488"},{"taxonomy":"product_cat","embeddable":true,"href":"\/shop\/wp-json\/wp\/v2\/product_cat?post=6488"},{"taxonomy":"product_tag","embeddable":true,"href":"\/shop\/wp-json\/wp\/v2\/product_tag?post=6488"},{"taxonomy":"food_declaration","embeddable":true,"href":"\/shop\/wp-json\/wp\/v2\/food_declaration?post=6488"}],"curies":[{"name":"wp","href":"https:\/\/api.w.org\/{rel}","templated":true}]}}