{"id":6486,"date":"2025-09-09T12:41:16","date_gmt":"2025-09-09T10:41:16","guid":{"rendered":"https:\/\/www.softeis-meck-pomm.de\/shop\/?post_type=product&#038;p=6486"},"modified":"2026-01-14T16:44:47","modified_gmt":"2026-01-14T15:44:47","slug":"probierset-retro","status":"publish","type":"product","link":"\/shop\/produkt\/probierset-retro\/","title":{"rendered":"Probierset Retro"},"content":{"rendered":"<p><strong>Retro, das MeckPomm-Eis, ist f\u00fcr alle, die sich noch<\/strong>\u00a0<strong>an den unvergleichlichen Geschmack von DDR-Softeis erinnern<\/strong>\u00a0<strong>und nat\u00fcrlich die, die ihn noch kennenlernen wollen.<\/strong><\/p>\n<p>Unser MeckPomm-Softeis wird von uns nach einem Familienrezept gefertigt, welches wir 1978 im Nachlass des Gro\u00dfvaters entdeckten und seitdem immer weiter perfektioniert haben. Dabei greifen wir auch auf die R\u00fcckmeldungen und Anregungen unserer Kunden auf, um die typischen Nuancen des DDR-Softeis geschmacklich noch besser herauszuarbeiten.<\/p>\n<p>Kennzeichnend ist die leichte Karamellnote, die hier ein besonderes Geschmackserlebnis garantiert. Traditionellerweise enth\u00e4lt unser Retro-Eispulver, Ei, das dem MeckPomm-Softeis die typische zartcremige Konsistenz verleiht.<\/p>\n<p>Nicht nur f\u00fcr Ostalgiker ein k\u00f6stliches Geschmackserlebnis. Testen Sie es selbst mit unserem Retro-Probier-Set!<\/p>\n<p>Wir versenden deutschlandweit!<\/p>\n<p><strong>Lieber telefonisch bestellen? Kein Problem: <a href=\"tel:+493955666264\" class=\" phone\" title=\"Gro\u00dfhandel f\u00fcr Eismaschinen, Eisgrundstoffe und Zubeh\u00f6r \u2013 Jan Rei\u00dfmann in 17034 Neubrandenburg anrufen\">0395 5666264<\/a><\/strong><\/p>\n<p>Beachten Sie dass sich unser Angebot <strong>nur an gewerbliche Anbieter<\/strong>\u00a0richtet!<\/p>\n","protected":false},"excerpt":{"rendered":"<p><strong>Das Probier-Set Retro enth\u00e4lt:<\/strong><\/p>\n<ul>\n<li>4 Beutel Vanille<\/li>\n<li>4 Beutel Schokolade<\/li>\n<\/ul>\n","protected":false},"featured_media":6487,"comment_status":"closed","ping_status":"closed","template":"","meta":{"_acf_changed":false},"product_brand":[],"product_cat":[306],"product_tag":[],"food_declaration":[308,309,310,312,313],"class_list":{"0":"post-6486","1":"product","2":"type-product","3":"status-publish","4":"has-post-thumbnail","6":"product_cat-unser-kennenlern-angebot","7":"food_declaration-mit-mindestens-70-milchanteil","8":"food_declaration-frei-von-palmoel","9":"food_declaration-glutenfrei","10":"food_declaration-mit-sahne","11":"food_declaration-ohne-pflanzenfette","13":"first","14":"instock","15":"shipping-taxable","16":"product-type-simple"},"acf":[],"_links":{"self":[{"href":"\/shop\/wp-json\/wp\/v2\/product\/6486","targetHints":{"allow":["GET"]}}],"collection":[{"href":"\/shop\/wp-json\/wp\/v2\/product"}],"about":[{"href":"\/shop\/wp-json\/wp\/v2\/types\/product"}],"replies":[{"embeddable":true,"href":"\/shop\/wp-json\/wp\/v2\/comments?post=6486"}],"wp:featuredmedia":[{"embeddable":true,"href":"\/shop\/wp-json\/wp\/v2\/media\/6487"}],"wp:attachment":[{"href":"\/shop\/wp-json\/wp\/v2\/media?parent=6486"}],"wp:term":[{"taxonomy":"product_brand","embeddable":true,"href":"\/shop\/wp-json\/wp\/v2\/product_brand?post=6486"},{"taxonomy":"product_cat","embeddable":true,"href":"\/shop\/wp-json\/wp\/v2\/product_cat?post=6486"},{"taxonomy":"product_tag","embeddable":true,"href":"\/shop\/wp-json\/wp\/v2\/product_tag?post=6486"},{"taxonomy":"food_declaration","embeddable":true,"href":"\/shop\/wp-json\/wp\/v2\/food_declaration?post=6486"}],"curies":[{"name":"wp","href":"https:\/\/api.w.org\/{rel}","templated":true}]}}