{"id":6467,"date":"2025-09-08T16:07:19","date_gmt":"2025-09-08T14:07:19","guid":{"rendered":"https:\/\/www.softeis-meck-pomm.de\/shop\/?post_type=product&#038;p=6467"},"modified":"2026-01-14T16:44:53","modified_gmt":"2026-01-14T15:44:53","slug":"probierset-summer-fun","status":"publish","type":"product","link":"\/shop\/produkt\/probierset-summer-fun\/","title":{"rendered":"Probierset Summer Fun"},"content":{"rendered":"<p><strong>Dieses erfrischend softige Fruchteis bringt Ihre Kunden garantiert in Urlaubsstimmung und sollte auf keiner Eiskarte fehlen.<\/strong>\u00a0Bei dem Rezept f\u00fcr diese besondere Eiskreation auf Wasserbasis haben wir vor allem Wert auf die Ausgewogenheit zwischen leichtem Genuss und vollem, kr\u00e4ftigem Fruchtaroma gelegt.<\/p>\n<p>Das Ergebnis ist kann sich sehen (und schmecken!) lassen.\u00a0Unser Summer Fun-Eis gibt es in vielen Geschmacksrichtungen, f\u00fcr unser Probierset haben wir f\u00fcr Sie die Sorten\u00a0Apfel, Heidelbeere, Kirsch, Mango und Himbeere zusammengestellt.<\/p>\n<p>Nat\u00fcrlich werden auch diese Eispulver handwerklich in unserer Neubrandenburger Eiswerkstatt produziert, unter Verwendung bester Zutaten und hochwertigster Rohstoffe.\u00a0 Probieren Sie es einfach aus und bestellen gleich unser Summer Fun Probier-Set!<\/p>\n<p>Wir versenden deutschlandweit!<\/p>\n<p><strong>Lieber telefonisch bestellen? Kein Problem: <a href=\"tel:+493955666264\" class=\" phone\" title=\"Gro\u00dfhandel f\u00fcr Eismaschinen, Eisgrundstoffe und Zubeh\u00f6r \u2013 Jan Rei\u00dfmann in 17034 Neubrandenburg anrufen\">0395 5666264<\/a><\/strong><\/p>\n<p>Beachten Sie dass sich unser Angebot <strong>nur an gewerbliche Anbieter<\/strong>\u00a0richtet!<\/p>\n","protected":false},"excerpt":{"rendered":"<p><strong>Das Probier-Set Summer Fun enth\u00e4lt:<\/strong><\/p>\n<ul>\n<li>2 Beutel Apfel<\/li>\n<li>2 Beutel Heidelbeere<\/li>\n<li>2 Beutel Kirsch<\/li>\n<li>2 Beutel Mango<\/li>\n<li>2 Beutel Himbeere<\/li>\n<\/ul>\n","protected":false},"featured_media":6468,"comment_status":"closed","ping_status":"closed","template":"","meta":{"_acf_changed":false},"product_brand":[],"product_cat":[306],"product_tag":[],"food_declaration":[308,309,310,311,312,313],"class_list":{"0":"post-6467","1":"product","2":"type-product","3":"status-publish","4":"has-post-thumbnail","6":"product_cat-unser-kennenlern-angebot","7":"food_declaration-mit-mindestens-70-milchanteil","8":"food_declaration-frei-von-palmoel","9":"food_declaration-glutenfrei","10":"food_declaration-ohne-ei","11":"food_declaration-mit-sahne","12":"food_declaration-ohne-pflanzenfette","14":"first","15":"instock","16":"shipping-taxable","17":"product-type-simple"},"acf":[],"_links":{"self":[{"href":"\/shop\/wp-json\/wp\/v2\/product\/6467","targetHints":{"allow":["GET"]}}],"collection":[{"href":"\/shop\/wp-json\/wp\/v2\/product"}],"about":[{"href":"\/shop\/wp-json\/wp\/v2\/types\/product"}],"replies":[{"embeddable":true,"href":"\/shop\/wp-json\/wp\/v2\/comments?post=6467"}],"wp:featuredmedia":[{"embeddable":true,"href":"\/shop\/wp-json\/wp\/v2\/media\/6468"}],"wp:attachment":[{"href":"\/shop\/wp-json\/wp\/v2\/media?parent=6467"}],"wp:term":[{"taxonomy":"product_brand","embeddable":true,"href":"\/shop\/wp-json\/wp\/v2\/product_brand?post=6467"},{"taxonomy":"product_cat","embeddable":true,"href":"\/shop\/wp-json\/wp\/v2\/product_cat?post=6467"},{"taxonomy":"product_tag","embeddable":true,"href":"\/shop\/wp-json\/wp\/v2\/product_tag?post=6467"},{"taxonomy":"food_declaration","embeddable":true,"href":"\/shop\/wp-json\/wp\/v2\/food_declaration?post=6467"}],"curies":[{"name":"wp","href":"https:\/\/api.w.org\/{rel}","templated":true}]}}