{"id":6446,"date":"2025-09-08T15:25:20","date_gmt":"2025-09-08T13:25:20","guid":{"rendered":"https:\/\/www.softeis-meck-pomm.de\/shop\/?post_type=product&#038;p=6446"},"modified":"2025-12-15T12:20:51","modified_gmt":"2025-12-15T11:20:51","slug":"icetech-softeismaschinen","status":"publish","type":"product","link":"\/shop\/produkt\/icetech-softeismaschinen\/","title":{"rendered":"IceTech Softeismaschinen"},"content":{"rendered":"<p>Gut und G\u00fcnstig<\/p>\n<p>Der einstieg ins Softeis Business.<\/p>\n<p>Mit Luft oder Wasser K\u00fchlung, Tisch- oder Standger\u00e4t, 1 oder 2 Sorten von 15 kg\/h bis 70kg\/h.<\/p>\n<p>In einem 15- 30 min\u00fctigen Gespr\u00e4ch evaluieren wir mit Ihnen was f\u00fcr ein Ger\u00e4t am besten passt.<\/p>\n","protected":false},"excerpt":{"rendered":"<p>Gut und G\u00fcnstig Der einstieg ins Softeis Business. Mit Luft oder Wasser K\u00fchlung, Tisch- oder Standger\u00e4t, 1 oder 2 Sorten von 15 kg\/h bis 70kg\/h. In einem 15- 30 min\u00fctigen Gespr\u00e4ch evaluieren wir mit Ihnen was f\u00fcr ein Ger\u00e4t am besten passt.<\/p>\n","protected":false},"featured_media":6660,"comment_status":"closed","ping_status":"closed","template":"","meta":{"_acf_changed":false},"product_brand":[],"product_cat":[301],"product_tag":[],"food_declaration":[],"class_list":{"0":"post-6446","1":"product","2":"type-product","3":"status-publish","4":"has-post-thumbnail","6":"product_cat-eismaschinen","8":"first","9":"instock","10":"shipping-taxable","11":"product-type-simple"},"acf":[],"_links":{"self":[{"href":"\/shop\/wp-json\/wp\/v2\/product\/6446","targetHints":{"allow":["GET"]}}],"collection":[{"href":"\/shop\/wp-json\/wp\/v2\/product"}],"about":[{"href":"\/shop\/wp-json\/wp\/v2\/types\/product"}],"replies":[{"embeddable":true,"href":"\/shop\/wp-json\/wp\/v2\/comments?post=6446"}],"wp:featuredmedia":[{"embeddable":true,"href":"\/shop\/wp-json\/wp\/v2\/media\/6660"}],"wp:attachment":[{"href":"\/shop\/wp-json\/wp\/v2\/media?parent=6446"}],"wp:term":[{"taxonomy":"product_brand","embeddable":true,"href":"\/shop\/wp-json\/wp\/v2\/product_brand?post=6446"},{"taxonomy":"product_cat","embeddable":true,"href":"\/shop\/wp-json\/wp\/v2\/product_cat?post=6446"},{"taxonomy":"product_tag","embeddable":true,"href":"\/shop\/wp-json\/wp\/v2\/product_tag?post=6446"},{"taxonomy":"food_declaration","embeddable":true,"href":"\/shop\/wp-json\/wp\/v2\/food_declaration?post=6446"}],"curies":[{"name":"wp","href":"https:\/\/api.w.org\/{rel}","templated":true}]}}