{"id":965,"date":"2023-02-10T15:12:15","date_gmt":"2023-02-10T14:12:15","guid":{"rendered":"https:\/\/dev.everpress.everapps.dev\/?page_id=965"},"modified":"2025-09-19T13:34:44","modified_gmt":"2025-09-19T11:34:44","slug":"anfahrt","status":"publish","type":"page","link":"\/shop\/anfahrt\/","title":{"rendered":"Anfahrt"},"content":{"rendered":"\t<div class=\"row space\">\n\t<h1 class=\"col align-left\">Ihr Weg zu uns  <span class=\"subline\">&#8211; Gro\u00dfhandel f\u00fcr Eismaschinen, Eisgrundstoffe und Zubeh\u00f6r \u2013 Jan Rei\u00dfmann<\/span><\/h1><div class=\"col medium-6 large-4\"><p>Mit der interaktiven Karte von Google-Maps k\u00f6nnen Sie einfach und direkt zu uns finden. Ebenfalls haben Sie die M\u00f6glichkeit, mithilfe des Google-Routenplaners, eine genaue Wegbeschreibung zu erstellen.<\/p>\n<p>Wenn Sie noch weitere Fragen zu der Anfahrt haben sollten, stehen wir Ihnen gerne mit Rat und Tat zur Seite.<\/p>\n<\/div><div class=\"col medium-6 large-4\"><form class=\"default\" name=\"searchRoute\" method=\"get\" action=\"https:\/\/maps.google.de\/\" target=\"_blank\" accept-charset=\"UTF-8\"><fieldset><label for=\"saddr\">Startadresse<\/label><input name=\"saddr\" type=\"text\" id=\"saddr\" placeholder=\"Ihre Adresse\"><input name=\"daddr\" type=\"hidden\" id=\"daddr\" value=\"Gro\u00dfhandel f\u00fcr Eismaschinen, Eisgrundstoffe und Zubeh\u00f6r \u2013 Jan Rei\u00dfmann Warliner Str. 8, 17034 Neubrandenburg\" \/><p><small>Ihre Daten werden zwecks Routenberechnung an Google Maps \u00fcbertragen.<\/small><\/p><button name=\"submit\" type=\"submit\" id=\"submit\" class=\"btn margin-bottom\">Route berechnen<\/button><\/fieldset><\/form><\/div><div class=\"col large-4\"><div class=\"googlemaps-iframe video-container\"><iframe data-pc-service=\"googlemaps\" data-pc-asset=\"https:\/\/www.google.com\/maps\/embed?pb=!1m18!1m12!1m3!1d2369.603896551834!2d13.29374767697816!3d53.56483805835259!2m3!1f0!2f0!3f0!3m2!1i1024!2i768!4f13.1!3m3!1m2!1s0x47abc3808225def7%3A0x7af0c1fe2829722c!2sGro%C3%9Fhandel%20Rei%C3%9Fmann%20%E2%80%93%20%22Softeis%20Meck-Pomm%22%20%7C%20Neubrandenburg!5e0!3m2!1sde!2sde!4v1757505117077!5m2!1sde!2sde\" allowfullscreen><\/iframe><\/div><\/div>\t<\/div>\n\n","protected":false},"excerpt":{"rendered":"","protected":false},"author":1,"featured_media":0,"parent":0,"menu_order":0,"comment_status":"closed","ping_status":"closed","template":"","meta":{"_acf_changed":false,"footnotes":""},"class_list":["post-965","page","type-page","status-publish","hentry"],"acf":[],"_links":{"self":[{"href":"\/shop\/wp-json\/wp\/v2\/pages\/965","targetHints":{"allow":["GET"]}}],"collection":[{"href":"\/shop\/wp-json\/wp\/v2\/pages"}],"about":[{"href":"\/shop\/wp-json\/wp\/v2\/types\/page"}],"author":[{"embeddable":true,"href":"\/shop\/wp-json\/wp\/v2\/users\/1"}],"replies":[{"embeddable":true,"href":"\/shop\/wp-json\/wp\/v2\/comments?post=965"}],"version-history":[{"count":1,"href":"\/shop\/wp-json\/wp\/v2\/pages\/965\/revisions"}],"predecessor-version":[{"id":6558,"href":"\/shop\/wp-json\/wp\/v2\/pages\/965\/revisions\/6558"}],"wp:attachment":[{"href":"\/shop\/wp-json\/wp\/v2\/media?parent=965"}],"curies":[{"name":"wp","href":"https:\/\/api.w.org\/{rel}","templated":true}]}}