{"id":864,"date":"2023-01-24T15:05:25","date_gmt":"2023-01-24T14:05:25","guid":{"rendered":"https:\/\/dev.everpress.everapps.dev\/?page_id=864"},"modified":"2026-01-15T19:31:03","modified_gmt":"2026-01-15T18:31:03","slug":"startseite","status":"publish","type":"page","link":"\/shop\/","title":{"rendered":"Startseite"},"content":{"rendered":"\n\t\n\n\t<div class=\"ep-block-categories-teaser ep-kategorie-teaser bg-light space\">\n\t\t<div class=\"row\">\n\n\t\t\t\n\t\t\t<div class=\"col ep-title-container\"><h2>Unsere Produktkategorien  <span class=\"subline\"><\/span><\/h2><a title=\"Onlineshop von Softeis Meck-Pomm | Pulver f\u00fcr Softeis aus Neubrandenburg | Alle Produkte\" class=\"btn weight-bold icon icon-after-arrow-right margin-bottom\" target=\"_self\" href=\"\/shop\/alle-produkte\/\">Alle Kategorien ansehen<\/a><\/div>\n\t\n\t\t\t\t\t\t\t<div class=\"col\">\n\t\t\t\t\t\t\t\t\t<\/div>\n\t\t\t\t\n\t\t<\/div>\n\t<\/div>\n\n\t\n\n\n\t<div class=\"ep-content-dynamic  bg-light space \"><div class=\"row   default-between default-middle\"><h3 class=\"col align-left\">Eis ist unsere Leidenschaft  <span class=\"subline\"><\/span><\/h3><div class=\"col medium-6 large-5 \"><div class=\"box box-big\"><p data-start=\"74\" data-end=\"299\"><strong data-start=\"74\" data-end=\"119\">Rei\u00dfmann \u2013 Eis-Experten in 3. Generation<\/strong><br data-start=\"119\" data-end=\"122\" \/>In Neubrandenburg, im Herzen Mecklenburg-Vorpommerns, produziert die Familie Rei\u00dfmann Softeis- und Eispulver f\u00fcr Eisdielen, Caf\u00e9s, Restaurants und Hotels in ganz Deutschland.<\/p>\n<p data-start=\"301\" data-end=\"446\">Das Highlight ist das <strong data-start=\"323\" data-end=\"370\">MeckPomm-Softeis nach original DDR-Rezeptur<\/strong>, erg\u00e4nzt durch eine gro\u00dfe Auswahl an Eispasten, Grundstoffen und Zubeh\u00f6r.<\/p>\n<p data-start=\"448\" data-end=\"763\">F\u00fcr Kunden in Mecklenburg-Vorpommern bietet Rei\u00dfmann au\u00dferdem einen <strong data-start=\"517\" data-end=\"553\">umfassenden Eismaschinen-Service<\/strong>: von der passenden Maschine \u00fcber 24h-Reparatur bis hin zum geschulten Fahrer, der beim Liefern auch die Maschine pr\u00fcft. Unterst\u00fctzt werden Ger\u00e4te vieler namhafter Hersteller wie Nissei, Valmar, Frigomat u.a.<\/p>\n<p data-start=\"765\" data-end=\"872\">Besonders wichtig: <strong data-start=\"784\" data-end=\"836\">Flexibilit\u00e4t, Kundenn\u00e4he und echte Fachkompetenz<\/strong> \u2013 telefonisch wie direkt vor Ort.<\/p>\n<div class=\"buttonContainer\"><\/div><\/div><\/div><div class=\"col medium-6 large-prefix-1 margin-bottom\"><div class=\"imageContainer\">\n<p><img loading=\"lazy\" decoding=\"async\" width=\"300\" height=\"185\" class=\"alignnone size-medium wp-image-6495\" src=\"\/shop\/wp-content\/uploads\/2025\/09\/vater-und-sohn-768x473-1-300x185.jpg\" alt=\"Lutz Rei\u00dfmann und Jan Rei\u00dfmann\" srcset=\"\/shop\/wp-content\/uploads\/2025\/09\/vater-und-sohn-768x473-1-300x185.jpg 300w, \/shop\/wp-content\/uploads\/2025\/09\/vater-und-sohn-768x473-1-480x296.jpg 480w, \/shop\/wp-content\/uploads\/2025\/09\/vater-und-sohn-768x473-1-760x468.jpg 760w, \/shop\/wp-content\/uploads\/2025\/09\/vater-und-sohn-768x473-1-600x370.jpg 600w, \/shop\/wp-content\/uploads\/2025\/09\/vater-und-sohn-768x473-1.jpg 768w\" sizes=\"auto, (max-width: 300px) 100vw, 300px\" \/><\/p>\n<div class=\"cms-article infoLeft\">\n<p><strong>Lutz Rei\u00dfmann<\/strong><br \/>\nEinkauf, Verkauf,<br \/>\nProduktion von Softeis<\/p>\n<\/div>\n<div class=\"cms-article infoRight\">\n<p><strong>Jan Rei\u00dfmann<\/strong><br \/>\nVerkauf, Service<\/p>\n<\/div>\n<\/div>\n<\/div><\/div><\/div>\n\t\n\n\n<div class=\"ep-products-teaser  bg-medium space\">\n<div class=\"row\">\n\n\t\n\t<div class=\"col ep-title-container\"><h2>Unsere aktuellen Produkte &#8211;  <span class=\"subline\">werden Sie jetzt f\u00fcndig<\/span><\/h2><a title=\"Onlineshop von Softeis Meck-Pomm | Pulver f\u00fcr Softeis aus Neubrandenburg | Alle Produkte\" class=\"btn weight-bold icon icon-after-arrow-right margin-bottom\" target=\"_self\" href=\"\/shop\/alle-produkte\/\">Unseren Shop ansehen<\/a><\/div>\n\n\t<div class=\"col\">\n\t\t<ul class=\"ep-teaser-tiles products margin-bottom  catalog\"><li class=\"product type-product post-6450 status-publish first instock product_cat-eismaschinen has-post-thumbnail shipping-taxable purchasable product-type-simple\">\n\t<a title=\"Nissei Softeismaschinen | Gro\u00dfhandel f\u00fcr Eismaschinen, Eisgrundstoffe und Zubeh\u00f6r \u2013 Jan Rei\u00dfmann\" href=\"\/shop\/produkt\/nissei-softeismaschinen\/\" class=\"woocommerce-LoopProduct-link woocommerce-loop-product__link\" aria-label=\"Produkt \u00f6ffnen \u2013 Nissei Softeismaschinen\" data-tooltip=\"focus\"><\/a><img loading=\"lazy\" decoding=\"async\" width=\"300\" height=\"300\" src=\"\/shop\/wp-content\/uploads\/2025\/09\/r6888titan-duo-combivoorkant-300x300.png\" class=\"attachment-woocommerce_thumbnail size-woocommerce_thumbnail\" alt=\"Nissei Softeismaschinen\" srcset=\"\/shop\/wp-content\/uploads\/2025\/09\/r6888titan-duo-combivoorkant-300x300.png 300w, \/shop\/wp-content\/uploads\/2025\/09\/r6888titan-duo-combivoorkant-150x150.png 150w, \/shop\/wp-content\/uploads\/2025\/09\/r6888titan-duo-combivoorkant-100x100.png 100w\" sizes=\"auto, (max-width: 300px) 100vw, 300px\" \/><h2 class=\"woocommerce-loop-product__title\">Nissei Softeismaschinen<\/h2>\n\n<div class=\"product-info-container\"><\/div><div class=\"mark-container\"><mark class=\"mark-link\"><a href=\"\/shop\/produkt-kategorie\/eismaschinen\/\" title=\"Gehe zu Eismaschinen\">Eismaschinen<\/a><\/mark><\/div><a class=\"btn\" tabindex=\"0\" title=\"Zur Wunschliste hinzuf\u00fcgen\" data-text-add=\"Zur Wunschliste hinzuf\u00fcgen\" data-text-remove=\"Entfernen\" data-wishlist=\"6450\">Zur Wunschliste hinzuf\u00fcgen<\/a>\n\n\n\n\n\n<a href=\"\/shop\/wp-json\/wp\/v2\/pages\/864?add-to-cart=6450\" aria-describedby=\"woocommerce_loop_add_to_cart_link_describedby_6450\" data-quantity=\"1\" class=\"button product_type_simple add_to_cart_button ajax_add_to_cart\" data-product_id=\"6450\" data-product_sku=\"\" aria-label=\"In den Warenkorb legen: \u201eNissei Softeismaschinen\u201c\" rel=\"nofollow\" data-success_message=\"\u201eNissei Softeismaschinen\u201c wurde Ihrem Warenkorb hinzugef\u00fcgt\" data-product-name=\"Nissei Softeismaschinen\" title=\"Zur Anfrageliste hinzuf\u00fcgen\" role=\"button\">Zur Anfrageliste hinzuf\u00fcgen<\/a>\t<span id=\"woocommerce_loop_add_to_cart_link_describedby_6450\" class=\"screen-reader-text\">\n\t\t\t<\/span>\n<\/li>\n<li class=\"product type-product post-6448 status-publish instock product_cat-eismaschinen has-post-thumbnail shipping-taxable purchasable product-type-simple\">\n\t<a title=\"Frigomat Softeismaschine | Gro\u00dfhandel f\u00fcr Eismaschinen, Eisgrundstoffe und Zubeh\u00f6r \u2013 Jan Rei\u00dfmann\" href=\"\/shop\/produkt\/frigomat-softeismaschine\/\" class=\"woocommerce-LoopProduct-link woocommerce-loop-product__link\" aria-label=\"Produkt \u00f6ffnen \u2013 Frigomat Softeismaschine\" data-tooltip=\"focus\"><\/a><img loading=\"lazy\" decoding=\"async\" width=\"250\" height=\"300\" src=\"\/shop\/wp-content\/uploads\/2025\/09\/gx4neu.jpg\" class=\"attachment-woocommerce_thumbnail size-woocommerce_thumbnail\" alt=\"Frigomat Softeismaschine\" \/><h2 class=\"woocommerce-loop-product__title\">Frigomat Softeismaschine<\/h2>\n\n<div class=\"product-info-container\"><\/div><div class=\"mark-container\"><mark class=\"mark-link\"><a href=\"\/shop\/produkt-kategorie\/eismaschinen\/\" title=\"Gehe zu Eismaschinen\">Eismaschinen<\/a><\/mark><\/div><a class=\"btn\" tabindex=\"0\" title=\"Zur Wunschliste hinzuf\u00fcgen\" data-text-add=\"Zur Wunschliste hinzuf\u00fcgen\" data-text-remove=\"Entfernen\" data-wishlist=\"6448\">Zur Wunschliste hinzuf\u00fcgen<\/a>\n\n\n\n\n\n<a href=\"\/shop\/wp-json\/wp\/v2\/pages\/864?add-to-cart=6448\" aria-describedby=\"woocommerce_loop_add_to_cart_link_describedby_6448\" data-quantity=\"1\" class=\"button product_type_simple add_to_cart_button ajax_add_to_cart\" data-product_id=\"6448\" data-product_sku=\"\" aria-label=\"In den Warenkorb legen: \u201eFrigomat Softeismaschine\u201c\" rel=\"nofollow\" data-success_message=\"\u201eFrigomat Softeismaschine\u201c wurde Ihrem Warenkorb hinzugef\u00fcgt\" data-product-name=\"Frigomat Softeismaschine\" title=\"Zur Anfrageliste hinzuf\u00fcgen\" role=\"button\">Zur Anfrageliste hinzuf\u00fcgen<\/a>\t<span id=\"woocommerce_loop_add_to_cart_link_describedby_6448\" class=\"screen-reader-text\">\n\t\t\t<\/span>\n<\/li>\n<li class=\"product type-product post-6446 status-publish last instock product_cat-eismaschinen has-post-thumbnail shipping-taxable product-type-simple\">\n\t<a title=\"IceTech Softeismaschinen | Gro\u00dfhandel f\u00fcr Eismaschinen, Eisgrundstoffe und Zubeh\u00f6r \u2013 Jan Rei\u00dfmann\" href=\"\/shop\/produkt\/icetech-softeismaschinen\/\" class=\"woocommerce-LoopProduct-link woocommerce-loop-product__link\" aria-label=\"Produkt \u00f6ffnen \u2013 IceTech Softeismaschinen\" data-tooltip=\"focus\"><\/a><img loading=\"lazy\" decoding=\"async\" width=\"300\" height=\"300\" src=\"\/shop\/wp-content\/uploads\/2025\/09\/happy-smile-high-300x300.jpg\" class=\"attachment-woocommerce_thumbnail size-woocommerce_thumbnail\" alt=\"Mehrere Softeismaschinen\" srcset=\"\/shop\/wp-content\/uploads\/2025\/09\/happy-smile-high-300x300.jpg 300w, \/shop\/wp-content\/uploads\/2025\/09\/happy-smile-high-150x150.jpg 150w, \/shop\/wp-content\/uploads\/2025\/09\/happy-smile-high-100x100.jpg 100w\" sizes=\"auto, (max-width: 300px) 100vw, 300px\" \/><h2 class=\"woocommerce-loop-product__title\">IceTech Softeismaschinen<\/h2>\n\n<div class=\"product-info-container\"><\/div><div class=\"mark-container\"><mark class=\"mark-link\"><a href=\"\/shop\/produkt-kategorie\/eismaschinen\/\" title=\"Gehe zu Eismaschinen\">Eismaschinen<\/a><\/mark><\/div><a class=\"btn\" tabindex=\"0\" title=\"Zur Wunschliste hinzuf\u00fcgen\" data-text-add=\"Zur Wunschliste hinzuf\u00fcgen\" data-text-remove=\"Entfernen\" data-wishlist=\"6446\">Zur Wunschliste hinzuf\u00fcgen<\/a>\n\n\n\n\n\n<a href=\"\/shop\/produkt\/icetech-softeismaschinen\/\" aria-describedby=\"woocommerce_loop_add_to_cart_link_describedby_6446\" data-quantity=\"1\" class=\"button product_type_simple\" data-product_id=\"6446\" data-product_sku=\"\" aria-label=\"Lesen Sie mehr \u00fcber &#8222;IceTech Softeismaschinen&#8220;\" rel=\"nofollow\" data-success_message=\"\" data-product-name=\"IceTech Softeismaschinen\" title=\"Zur Anfrageliste hinzuf\u00fcgen\">Zur Anfrageliste hinzuf\u00fcgen<\/a>\t<span id=\"woocommerce_loop_add_to_cart_link_describedby_6446\" class=\"screen-reader-text\">\n\t\t\t<\/span>\n<\/li>\n<\/ul><\/div>\n\n<\/div>\n<\/div>\n\n\t","protected":false},"excerpt":{"rendered":"","protected":false},"author":1,"featured_media":0,"parent":0,"menu_order":0,"comment_status":"closed","ping_status":"closed","template":"","meta":{"_acf_changed":false,"footnotes":""},"class_list":["post-864","page","type-page","status-publish","hentry"],"acf":[],"_links":{"self":[{"href":"\/shop\/wp-json\/wp\/v2\/pages\/864","targetHints":{"allow":["GET"]}}],"collection":[{"href":"\/shop\/wp-json\/wp\/v2\/pages"}],"about":[{"href":"\/shop\/wp-json\/wp\/v2\/types\/page"}],"author":[{"embeddable":true,"href":"\/shop\/wp-json\/wp\/v2\/users\/1"}],"replies":[{"embeddable":true,"href":"\/shop\/wp-json\/wp\/v2\/comments?post=864"}],"version-history":[{"count":5,"href":"\/shop\/wp-json\/wp\/v2\/pages\/864\/revisions"}],"predecessor-version":[{"id":6708,"href":"\/shop\/wp-json\/wp\/v2\/pages\/864\/revisions\/6708"}],"wp:attachment":[{"href":"\/shop\/wp-json\/wp\/v2\/media?parent=864"}],"curies":[{"name":"wp","href":"https:\/\/api.w.org\/{rel}","templated":true}]}}