{"id":2181,"date":"2023-05-10T15:54:04","date_gmt":"2023-05-10T13:54:04","guid":{"rendered":"https:\/\/dev.everpress.everapps.dev\/?page_id=2181"},"modified":"2026-01-14T16:26:12","modified_gmt":"2026-01-14T15:26:12","slug":"kontakt","status":"publish","type":"page","link":"\/shop\/kontakt\/","title":{"rendered":"Kontakt"},"content":{"rendered":"<div class=\"row space\"><div class=\"col\"><h2 class=\"align-center\">Ihr Kontakt zu Gro\u00dfhandel f\u00fcr Eismaschinen, Eisgrundstoffe und Zubeh\u00f6r \u2013 Jan Rei\u00dfmann  <span class=\"subline\"><\/span><\/h2><p style=\"text-align: center\">Wenn Sie Fragen zu unseren Leistungen und Angeboten haben, k\u00f6nnen Sie das folgende Formular nutzen!<br \/>\nWir werden uns umgehend bei Ihnen melden.<\/p>\n<\/div><\/div>","protected":false},"excerpt":{"rendered":"","protected":false},"author":1,"featured_media":0,"parent":0,"menu_order":0,"comment_status":"closed","ping_status":"closed","template":"","meta":{"_acf_changed":false,"footnotes":""},"class_list":["post-2181","page","type-page","status-publish","hentry"],"acf":[],"_links":{"self":[{"href":"\/shop\/wp-json\/wp\/v2\/pages\/2181","targetHints":{"allow":["GET"]}}],"collection":[{"href":"\/shop\/wp-json\/wp\/v2\/pages"}],"about":[{"href":"\/shop\/wp-json\/wp\/v2\/types\/page"}],"author":[{"embeddable":true,"href":"\/shop\/wp-json\/wp\/v2\/users\/1"}],"replies":[{"embeddable":true,"href":"\/shop\/wp-json\/wp\/v2\/comments?post=2181"}],"version-history":[{"count":2,"href":"\/shop\/wp-json\/wp\/v2\/pages\/2181\/revisions"}],"predecessor-version":[{"id":6562,"href":"\/shop\/wp-json\/wp\/v2\/pages\/2181\/revisions\/6562"}],"wp:attachment":[{"href":"\/shop\/wp-json\/wp\/v2\/media?parent=2181"}],"curies":[{"name":"wp","href":"https:\/\/api.w.org\/{rel}","templated":true}]}}